{"id":84,"date":"2022-01-25T01:06:26","date_gmt":"2022-01-25T01:06:26","guid":{"rendered":"http:\/\/georgmelich.de\/?page_id=84"},"modified":"2022-07-10T14:04:59","modified_gmt":"2022-07-10T14:04:59","slug":"film-fernsehen","status":"publish","type":"page","link":"https:\/\/georgmelich.de\/?page_id=84","title":{"rendered":"Film\/Fernsehen"},"content":{"rendered":"\n<figure class=\"wp-block-table is-style-stripes\"><table class=\"has-very-dark-gray-color has-cyan-bluish-gray-background-color has-text-color has-background\"><tbody><tr><td><\/td><td><strong>Titel<\/strong><\/td><td><strong>Rolle<\/strong><\/td><td><strong>Regie<\/strong><\/td><td><\/td><\/tr><tr><td>2022<\/td><td>Seeland(AT)<\/td><td>SEK Einsatzleiter<\/td><td>Holger Haase<\/td><td>ARD<\/td><\/tr><tr><td>2020<\/td><td>Wapo Bodensee<\/td><td>Daniel Seeger<\/td><td>Tom Zenker<\/td><td>ARD<\/td><\/tr><tr><td>2018<\/td><td>Wapo Bodensee<\/td><td>Daniel Dellbr\u00fcck<\/td><td>J\u00fcrgen Bretzinger<\/td><td>ARD<\/td><\/tr><tr><td>2013<\/td><td>Lars<\/td><td>Lars<\/td><td>Irina <\/td><td>Kurzfilm<\/td><\/tr><tr><td>2011<\/td><td>Me, Myself and I<\/td><td>Charliie<\/td><td>Evelyn Roth<\/td><td>Kurzfilm<\/td><\/tr><tr><td>2007<\/td><td>Greenpeace<\/td><td>Aktivist<\/td><td>Johannes K\u00fcmmel<\/td><td>Werbung<\/td><\/tr><tr><td>2007<\/td><td>Fl\u00fcgelschlag<\/td><td>J\u00fcrgen<\/td><td>Markus Nestroy<\/td><td>Kurzfilm<\/td><\/tr><tr><td>2007<\/td><td>Zerschmetterling<\/td><td>Mathias<\/td><td>Manuel Stettner<\/td><td>Kurzfilm<\/td><\/tr><tr><td>2006<\/td><td>Vodafone<\/td><td>Schiffsjunge<\/td><td>Johannes K\u00fcmmel<\/td><td>Werbung<\/td><\/tr><tr><td>2005<\/td><td>\u201cR\u201d<\/td><td>Zweifler<\/td><td>Johannes K\u00fcmmel<\/td><td>Kurzfilm<\/td><\/tr><tr><td>2004<\/td><td>Das Gest\u00e4ndnis<\/td><td>Simon<\/td><td>Bijan von Wisotzky<\/td><td>Kurzfilm<\/td><\/tr><tr><td>2002<\/td><td>Better be Good<\/td><td>Gangster<\/td><td>Ulrich Fleischer<\/td><td>Kurzfilm<\/td><\/tr><\/tbody><\/table><\/figure>\n","protected":false},"excerpt":{"rendered":"<p>Titel Rolle Regie 2022 Seeland(AT) SEK Einsatzleiter Holger Haase ARD 2020 Wapo Bodensee Daniel Seeger Tom Zenker ARD 2018 Wapo Bodensee Daniel Dellbr\u00fcck J\u00fcrgen Bretzinger ARD 2013 Lars Lars Irina Kurzfilm 2011 Me, Myself and I Charliie Evelyn Roth Kurzfilm 2007 Greenpeace Aktivist Johannes K\u00fcmmel Werbung 2007 Fl\u00fcgelschlag J\u00fcrgen Markus Nestroy Kurzfilm 2007 Zerschmetterling Mathias [&hellip;]<\/p>\n","protected":false},"author":1,"featured_media":0,"parent":0,"menu_order":4,"comment_status":"closed","ping_status":"closed","template":"","meta":{"footnotes":""},"class_list":["post-84","page","type-page","status-publish","hentry"],"_links":{"self":[{"href":"https:\/\/georgmelich.de\/index.php?rest_route=\/wp\/v2\/pages\/84","targetHints":{"allow":["GET"]}}],"collection":[{"href":"https:\/\/georgmelich.de\/index.php?rest_route=\/wp\/v2\/pages"}],"about":[{"href":"https:\/\/georgmelich.de\/index.php?rest_route=\/wp\/v2\/types\/page"}],"author":[{"embeddable":true,"href":"https:\/\/georgmelich.de\/index.php?rest_route=\/wp\/v2\/users\/1"}],"replies":[{"embeddable":true,"href":"https:\/\/georgmelich.de\/index.php?rest_route=%2Fwp%2Fv2%2Fcomments&post=84"}],"version-history":[{"count":5,"href":"https:\/\/georgmelich.de\/index.php?rest_route=\/wp\/v2\/pages\/84\/revisions"}],"predecessor-version":[{"id":198,"href":"https:\/\/georgmelich.de\/index.php?rest_route=\/wp\/v2\/pages\/84\/revisions\/198"}],"wp:attachment":[{"href":"https:\/\/georgmelich.de\/index.php?rest_route=%2Fwp%2Fv2%2Fmedia&parent=84"}],"curies":[{"name":"wp","href":"https:\/\/api.w.org\/{rel}","templated":true}]}}